{"id":54,"date":"2023-04-04T12:52:08","date_gmt":"2023-04-04T10:52:08","guid":{"rendered":"https:\/\/blogs.churlaud.com\/coach\/?page_id=54"},"modified":"2026-01-29T23:18:33","modified_gmt":"2026-01-29T22:18:33","slug":"a-propos","status":"publish","type":"page","link":"https:\/\/blogs.churlaud.com\/coach\/a-propos\/","title":{"rendered":"Me contacter et prendre rendez-vous"},"content":{"rendered":"\n<figure class=\"wp-block-image size-large\"><img loading=\"lazy\" decoding=\"async\" width=\"1024\" height=\"971\" src=\"https:\/\/blogs.churlaud.com\/coach\/wp-content\/uploads\/sites\/9\/2023\/04\/Alain-Churlaud-Final-17517-1024x971.jpg\" alt=\"\" class=\"wp-image-8\" srcset=\"https:\/\/blogs.churlaud.com\/coach\/wp-content\/uploads\/sites\/9\/2023\/04\/Alain-Churlaud-Final-17517-1024x971.jpg 1024w, https:\/\/blogs.churlaud.com\/coach\/wp-content\/uploads\/sites\/9\/2023\/04\/Alain-Churlaud-Final-17517-300x284.jpg 300w, https:\/\/blogs.churlaud.com\/coach\/wp-content\/uploads\/sites\/9\/2023\/04\/Alain-Churlaud-Final-17517-768x728.jpg 768w, https:\/\/blogs.churlaud.com\/coach\/wp-content\/uploads\/sites\/9\/2023\/04\/Alain-Churlaud-Final-17517-1536x1456.jpg 1536w, https:\/\/blogs.churlaud.com\/coach\/wp-content\/uploads\/sites\/9\/2023\/04\/Alain-Churlaud-Final-17517.jpg 2000w\" sizes=\"auto, (max-width: 1024px) 100vw, 1024px\" \/><\/figure>\n\n\n\n<h3 class=\"wp-block-heading\"><strong>Premier pas&#8230;.<\/strong><\/h3>\n\n\n\n<p>Chaque rencontre est unique. Afin de m&rsquo;assurer d&rsquo;\u00eatre pleinement disponible pour notre \u00e9change en ext\u00e9rieur, je traite chaque demande de r\u00e9servation manuellement.<\/p>\n\n\n\n<p>Une fois votre formulaire envoy\u00e9, je vous confirmerai la disponibilit\u00e9 du cr\u00e9neau choisi par retour de mail. Au plaisir de faire ce bout de chemin avec vous.<\/p>\n\n\n<style id=\"wpforms-css-vars-292-block-0fbbab36-52fe-4f84-9601-008375593264\">\n\t\t\t\t#wpforms-292.wpforms-block-0fbbab36-52fe-4f84-9601-008375593264 {\n\t\t\t\t--wpforms-field-size-input-height: 43px;\n--wpforms-field-size-input-spacing: 15px;\n--wpforms-field-size-font-size: 16px;\n--wpforms-field-size-line-height: 19px;\n--wpforms-field-size-padding-h: 14px;\n--wpforms-field-size-checkbox-size: 16px;\n--wpforms-field-size-sublabel-spacing: 5px;\n--wpforms-field-size-icon-size: 1;\n--wpforms-label-size-font-size: 16px;\n--wpforms-label-size-line-height: 19px;\n--wpforms-label-size-sublabel-font-size: 14px;\n--wpforms-label-size-sublabel-line-height: 17px;\n--wpforms-button-size-font-size: 17px;\n--wpforms-button-size-height: 41px;\n--wpforms-button-size-padding-h: 15px;\n--wpforms-button-size-margin-top: 10px;\n\t\t\t}\n\t\t\t<\/style><div class=\"wpforms-container wpforms-container-full wpforms-block wpforms-block-0fbbab36-52fe-4f84-9601-008375593264 wpforms-render-modern\" id=\"wpforms-292\"><form id=\"wpforms-form-292\" class=\"wpforms-validate wpforms-form wpforms-ajax-form\" data-formid=\"292\" method=\"post\" enctype=\"multipart\/form-data\" action=\"\/coach\/wp-json\/wp\/v2\/pages\/54\" data-token=\"f160d9da7cbf31d83d6574eb0a12a62a\" data-token-time=\"1776508769\"><noscript class=\"wpforms-error-noscript\">Veuillez activer JavaScript dans votre navigateur pour remplir ce formulaire.<\/noscript><div id=\"wpforms-error-noscript\" style=\"display: none;\">Veuillez activer JavaScript dans votre navigateur pour remplir ce formulaire.<\/div><div class=\"wpforms-field-container\"><div id=\"wpforms-292-field_1-container\" class=\"wpforms-field wpforms-field-name\" data-field-id=\"1\"><fieldset><legend class=\"wpforms-field-label\">Nom <span class=\"wpforms-required-label\" aria-hidden=\"true\">*<\/span><\/legend><div class=\"wpforms-field-row wpforms-field-medium\"><div class=\"wpforms-field-row-block wpforms-first wpforms-one-half\"><input type=\"text\" id=\"wpforms-292-field_1\" class=\"wpforms-field-name-first wpforms-field-required\" name=\"wpforms[fields][1][first]\" aria-errormessage=\"wpforms-292-field_1-error\" required><label for=\"wpforms-292-field_1\" class=\"wpforms-field-sublabel after\">Pr\u00e9nom<\/label><\/div><div class=\"wpforms-field-row-block wpforms-one-half\"><input type=\"text\" id=\"wpforms-292-field_1-last\" class=\"wpforms-field-name-last wpforms-field-required\" name=\"wpforms[fields][1][last]\" aria-errormessage=\"wpforms-292-field_1-last-error\" required><label for=\"wpforms-292-field_1-last\" class=\"wpforms-field-sublabel after\">Nom<\/label><\/div><\/div><\/fieldset><\/div><div id=\"wpforms-292-field_4-container\" class=\"wpforms-field wpforms-field-text\" data-field-id=\"4\"><label class=\"wpforms-field-label\" for=\"wpforms-292-field_4\">Votre structure (Entreprise, Association, Ind\u00e9pendant)<\/label><input type=\"text\" id=\"wpforms-292-field_4\" class=\"wpforms-field-medium\" name=\"wpforms[fields][4]\" aria-errormessage=\"wpforms-292-field_4-error\" ><\/div><div id=\"wpforms-292-field_2-container\" class=\"wpforms-field wpforms-field-email\" data-field-id=\"2\"><label class=\"wpforms-field-label\" for=\"wpforms-292-field_2\">E-mail <span class=\"wpforms-required-label\" aria-hidden=\"true\">*<\/span><\/label><input type=\"email\" id=\"wpforms-292-field_2\" class=\"wpforms-field-medium wpforms-field-required\" name=\"wpforms[fields][2]\" spellcheck=\"false\" aria-errormessage=\"wpforms-292-field_2-error\" required><\/div>\t\t<div id=\"wpforms-292-field_5-container\"\n\t\t\tclass=\"wpforms-field wpforms-field-text\"\n\t\t\tdata-field-type=\"text\"\n\t\t\tdata-field-id=\"5\"\n\t\t\t>\n\t\t\t<label class=\"wpforms-field-label\" for=\"wpforms-292-field_5\" >2 actuel date<\/label>\n\t\t\t<input type=\"text\" id=\"wpforms-292-field_5\" class=\"wpforms-field-medium\" name=\"wpforms[fields][5]\" >\n\t\t<\/div>\n\t\t<div id=\"wpforms-292-field_6-container\" class=\"wpforms-field wpforms-field-text\" data-field-id=\"6\"><label class=\"wpforms-field-label\" for=\"wpforms-292-field_6\">Votre num\u00e9ro de t\u00e9l\u00e9phone<\/label><input type=\"text\" id=\"wpforms-292-field_6\" class=\"wpforms-field-medium\" name=\"wpforms[fields][6]\" aria-errormessage=\"wpforms-292-field_6-error\" ><\/div><div id=\"wpforms-292-field_3-container\" class=\"wpforms-field wpforms-field-textarea\" data-field-id=\"3\"><label class=\"wpforms-field-label\" for=\"wpforms-292-field_3\">Votre d\u00e9fi actuel en 2 phrases<\/label><textarea id=\"wpforms-292-field_3\" class=\"wpforms-field-medium\" name=\"wpforms[fields][3]\" aria-errormessage=\"wpforms-292-field_3-error\" ><\/textarea><\/div><div id=\"wpforms-292-field_8-container\" class=\"wpforms-field wpforms-field-restrict_date\" data-field-id=\"8\"><label class=\"wpforms-field-label\" for=\"wpforms-292-field_8\">Choisissez votre date :<\/label><input type=\"text\" id=\"wpforms-292-field_8\" class=\"wpforms-field-medium wpforms-restrict_date-field\" name=\"wpforms[fields][8]\" aria-errormessage=\"wpforms-292-field_8-error\" data-min=\"special\" data-max_plus_min=\"-\" data-max_type_min=\"d\" data-min_pick=\"2026-02-16\" data-max_plus=\"+\" data-max_type=\"d\" data-special=\"2026-02-24|2026-03-10|\" data-format=\"dd-mm-yy\" data-weekdays=\"2|5\" ><\/div><script>\n\t\t\t\t( function() {\n\t\t\t\t\tconst style = document.createElement( 'style' );\n\t\t\t\t\tstyle.appendChild( document.createTextNode( '#wpforms-292-field_5-container { position: absolute !important; overflow: hidden !important; display: inline !important; height: 1px !important; width: 1px !important; z-index: -1000 !important; padding: 0 !important; } #wpforms-292-field_5-container input { visibility: hidden; } #wpforms-conversational-form-page #wpforms-292-field_5-container label { counter-increment: none; }' ) );\n\t\t\t\t\tdocument.head.appendChild( style );\n\t\t\t\t\tdocument.currentScript?.remove();\n\t\t\t\t} )();\n\t\t\t<\/script><\/div><!-- .wpforms-field-container --><div class=\"wpforms-submit-container\" ><input type=\"hidden\" name=\"wpforms[id]\" value=\"292\"><input type=\"hidden\" name=\"page_title\" value=\"\"><input type=\"hidden\" name=\"page_url\" value=\"https:\/\/blogs.churlaud.com\/coach\/wp-json\/wp\/v2\/pages\/54\"><input type=\"hidden\" name=\"url_referer\" value=\"\"><button type=\"submit\" name=\"wpforms[submit]\" id=\"wpforms-submit-292\" class=\"wpforms-submit\" data-alt-text=\"Envoi...\" data-submit-text=\"V\u00e9rifier la disponibilit\u00e9\" aria-live=\"assertive\" value=\"wpforms-submit\">V\u00e9rifier la disponibilit\u00e9<\/button><img loading=\"lazy\" decoding=\"async\" src=\"https:\/\/blogs.churlaud.com\/coach\/wp-content\/plugins\/wpforms-lite\/assets\/images\/submit-spin.svg\" class=\"wpforms-submit-spinner\" style=\"display: none;\" width=\"26\" height=\"26\" alt=\"Chargement en cours\"><\/div><\/form><\/div>  <!-- .wpforms-container -->\n\n\n<div class=\"wp-block-columns is-layout-flex wp-container-core-columns-is-layout-28f84493 wp-block-columns-is-layout-flex\">\n<div class=\"wp-block-column is-layout-flow wp-block-column-is-layout-flow\">\n<figure class=\"wp-block-image aligncenter size-full\"><img loading=\"lazy\" decoding=\"async\" width=\"1000\" height=\"1000\" src=\"https:\/\/blogs.churlaud.com\/coach\/wp-content\/uploads\/sites\/9\/2025\/09\/qrcode-2.jpeg\" alt=\"\" class=\"wp-image-282\" srcset=\"https:\/\/blogs.churlaud.com\/coach\/wp-content\/uploads\/sites\/9\/2025\/09\/qrcode-2.jpeg 1000w, https:\/\/blogs.churlaud.com\/coach\/wp-content\/uploads\/sites\/9\/2025\/09\/qrcode-2-300x300.jpeg 300w, https:\/\/blogs.churlaud.com\/coach\/wp-content\/uploads\/sites\/9\/2025\/09\/qrcode-2-150x150.jpeg 150w, https:\/\/blogs.churlaud.com\/coach\/wp-content\/uploads\/sites\/9\/2025\/09\/qrcode-2-768x768.jpeg 768w\" sizes=\"auto, (max-width: 1000px) 100vw, 1000px\" \/><\/figure>\n<\/div>\n\n\n\n<div class=\"wp-block-column is-vertically-aligned-center is-layout-flow wp-block-column-is-layout-flow\">\n<figure class=\"wp-block-image aligncenter is-resized\"><a href=\"https:\/\/blogs.churlaud.com\/coach\/wp-content\/uploads\/sites\/9\/2025\/09\/vcard-alain-coaching.vcf\" target=\"_blank\" rel=\" noreferrer noopener\"><img decoding=\"async\" src=\"https:\/\/encrypted-tbn0.gstatic.com\/images?q=tbn:ANd9GcSnXaH7VPR7ddmfvAiUt39WkDOil9_1pv9dyw&amp;s\" alt=\"Ajouter aux contacts\" style=\"width:162px;height:auto\"\/><\/a><\/figure>\n<\/div>\n<\/div>\n","protected":false},"excerpt":{"rendered":"<p>Premier pas&#8230;. Chaque rencontre est unique. Afin de m&rsquo;assurer d&rsquo;\u00eatre pleinement disponible pour notre \u00e9change en ext\u00e9rieur, je traite chaque demande de r\u00e9servation manuellement. Une fois votre formulaire envoy\u00e9, je vous confirmerai la disponibilit\u00e9 du cr\u00e9neau choisi par retour de mail. Au plaisir de faire ce bout de chemin avec vous.<\/p>\n","protected":false},"author":6,"featured_media":0,"parent":0,"menu_order":0,"comment_status":"closed","ping_status":"closed","template":"","meta":{"iawp_total_views":71,"footnotes":""},"class_list":["post-54","page","type-page","status-publish","hentry"],"yoast_head":"<!-- This site is optimized with the Yoast SEO plugin v27.2 - https:\/\/yoast.com\/product\/yoast-seo-wordpress\/ -->\n<title>Me contacter et prendre rendez-vous - Alain Coaching pour les dirigeants et professionnels<\/title>\n<meta name=\"robots\" content=\"index, follow, max-snippet:-1, max-image-preview:large, max-video-preview:-1\" \/>\n<link rel=\"canonical\" href=\"https:\/\/blogs.churlaud.com\/coach\/a-propos\/\" \/>\n<meta property=\"og:locale\" content=\"fr_FR\" \/>\n<meta property=\"og:type\" content=\"article\" \/>\n<meta property=\"og:title\" content=\"Me contacter et prendre rendez-vous - Alain Coaching pour les dirigeants et professionnels\" \/>\n<meta property=\"og:description\" content=\"Premier pas&#8230;. Chaque rencontre est unique. Afin de m&rsquo;assurer d&rsquo;\u00eatre pleinement disponible pour notre \u00e9change en ext\u00e9rieur, je traite chaque demande de r\u00e9servation manuellement. Une fois votre formulaire envoy\u00e9, je vous confirmerai la disponibilit\u00e9 du cr\u00e9neau choisi par retour de mail. Au plaisir de faire ce bout de chemin avec vous.\" \/>\n<meta property=\"og:url\" content=\"https:\/\/blogs.churlaud.com\/coach\/a-propos\/\" \/>\n<meta property=\"og:site_name\" content=\"Alain Coaching pour les dirigeants et professionnels\" \/>\n<meta property=\"article:modified_time\" content=\"2026-01-29T22:18:33+00:00\" \/>\n<meta property=\"og:image\" content=\"https:\/\/blogs.churlaud.com\/coach\/wp-content\/uploads\/sites\/9\/2023\/04\/Alain-Churlaud-Final-17517.jpg\" \/>\n\t<meta property=\"og:image:width\" content=\"2000\" \/>\n\t<meta property=\"og:image:height\" content=\"1896\" \/>\n\t<meta property=\"og:image:type\" content=\"image\/jpeg\" \/>\n<meta name=\"twitter:card\" content=\"summary_large_image\" \/>\n<meta name=\"twitter:label1\" content=\"Dur\u00e9e de lecture estim\u00e9e\" \/>\n\t<meta name=\"twitter:data1\" content=\"1 minute\" \/>\n<script type=\"application\/ld+json\" class=\"yoast-schema-graph\">{\"@context\":\"https:\/\/schema.org\",\"@graph\":[{\"@type\":\"WebPage\",\"@id\":\"https:\/\/blogs.churlaud.com\/coach\/a-propos\/\",\"url\":\"https:\/\/blogs.churlaud.com\/coach\/a-propos\/\",\"name\":\"Me contacter et prendre rendez-vous - Alain Coaching pour les dirigeants et professionnels\",\"isPartOf\":{\"@id\":\"https:\/\/blogs.churlaud.com\/coach\/#website\"},\"primaryImageOfPage\":{\"@id\":\"https:\/\/blogs.churlaud.com\/coach\/a-propos\/#primaryimage\"},\"image\":{\"@id\":\"https:\/\/blogs.churlaud.com\/coach\/a-propos\/#primaryimage\"},\"thumbnailUrl\":\"https:\/\/blogs.churlaud.com\/coach\/wp-content\/uploads\/sites\/9\/2023\/04\/Alain-Churlaud-Final-17517-1024x971.jpg\",\"datePublished\":\"2023-04-04T10:52:08+00:00\",\"dateModified\":\"2026-01-29T22:18:33+00:00\",\"breadcrumb\":{\"@id\":\"https:\/\/blogs.churlaud.com\/coach\/a-propos\/#breadcrumb\"},\"inLanguage\":\"fr-FR\",\"potentialAction\":[{\"@type\":\"ReadAction\",\"target\":[\"https:\/\/blogs.churlaud.com\/coach\/a-propos\/\"]}]},{\"@type\":\"ImageObject\",\"inLanguage\":\"fr-FR\",\"@id\":\"https:\/\/blogs.churlaud.com\/coach\/a-propos\/#primaryimage\",\"url\":\"https:\/\/blogs.churlaud.com\/coach\/wp-content\/uploads\/sites\/9\/2023\/04\/Alain-Churlaud-Final-17517.jpg\",\"contentUrl\":\"https:\/\/blogs.churlaud.com\/coach\/wp-content\/uploads\/sites\/9\/2023\/04\/Alain-Churlaud-Final-17517.jpg\",\"width\":2000,\"height\":1896},{\"@type\":\"BreadcrumbList\",\"@id\":\"https:\/\/blogs.churlaud.com\/coach\/a-propos\/#breadcrumb\",\"itemListElement\":[{\"@type\":\"ListItem\",\"position\":1,\"name\":\"Accueil\",\"item\":\"https:\/\/blogs.churlaud.com\/coach\/\"},{\"@type\":\"ListItem\",\"position\":2,\"name\":\"Me contacter et prendre rendez-vous\"}]},{\"@type\":\"WebSite\",\"@id\":\"https:\/\/blogs.churlaud.com\/coach\/#website\",\"url\":\"https:\/\/blogs.churlaud.com\/coach\/\",\"name\":\"Alain Coaching pour les dirigeants et professionnels\",\"description\":\"Je vous accompagne parce que vous \u00eates unique !\",\"potentialAction\":[{\"@type\":\"SearchAction\",\"target\":{\"@type\":\"EntryPoint\",\"urlTemplate\":\"https:\/\/blogs.churlaud.com\/coach\/?s={search_term_string}\"},\"query-input\":{\"@type\":\"PropertyValueSpecification\",\"valueRequired\":true,\"valueName\":\"search_term_string\"}}],\"inLanguage\":\"fr-FR\"}]}<\/script>\n<!-- \/ Yoast SEO plugin. -->","yoast_head_json":{"title":"Me contacter et prendre rendez-vous - Alain Coaching pour les dirigeants et professionnels","robots":{"index":"index","follow":"follow","max-snippet":"max-snippet:-1","max-image-preview":"max-image-preview:large","max-video-preview":"max-video-preview:-1"},"canonical":"https:\/\/blogs.churlaud.com\/coach\/a-propos\/","og_locale":"fr_FR","og_type":"article","og_title":"Me contacter et prendre rendez-vous - Alain Coaching pour les dirigeants et professionnels","og_description":"Premier pas&#8230;. Chaque rencontre est unique. Afin de m&rsquo;assurer d&rsquo;\u00eatre pleinement disponible pour notre \u00e9change en ext\u00e9rieur, je traite chaque demande de r\u00e9servation manuellement. Une fois votre formulaire envoy\u00e9, je vous confirmerai la disponibilit\u00e9 du cr\u00e9neau choisi par retour de mail. Au plaisir de faire ce bout de chemin avec vous.","og_url":"https:\/\/blogs.churlaud.com\/coach\/a-propos\/","og_site_name":"Alain Coaching pour les dirigeants et professionnels","article_modified_time":"2026-01-29T22:18:33+00:00","og_image":[{"width":2000,"height":1896,"url":"https:\/\/blogs.churlaud.com\/coach\/wp-content\/uploads\/sites\/9\/2023\/04\/Alain-Churlaud-Final-17517.jpg","type":"image\/jpeg"}],"twitter_card":"summary_large_image","twitter_misc":{"Dur\u00e9e de lecture estim\u00e9e":"1 minute"},"schema":{"@context":"https:\/\/schema.org","@graph":[{"@type":"WebPage","@id":"https:\/\/blogs.churlaud.com\/coach\/a-propos\/","url":"https:\/\/blogs.churlaud.com\/coach\/a-propos\/","name":"Me contacter et prendre rendez-vous - Alain Coaching pour les dirigeants et professionnels","isPartOf":{"@id":"https:\/\/blogs.churlaud.com\/coach\/#website"},"primaryImageOfPage":{"@id":"https:\/\/blogs.churlaud.com\/coach\/a-propos\/#primaryimage"},"image":{"@id":"https:\/\/blogs.churlaud.com\/coach\/a-propos\/#primaryimage"},"thumbnailUrl":"https:\/\/blogs.churlaud.com\/coach\/wp-content\/uploads\/sites\/9\/2023\/04\/Alain-Churlaud-Final-17517-1024x971.jpg","datePublished":"2023-04-04T10:52:08+00:00","dateModified":"2026-01-29T22:18:33+00:00","breadcrumb":{"@id":"https:\/\/blogs.churlaud.com\/coach\/a-propos\/#breadcrumb"},"inLanguage":"fr-FR","potentialAction":[{"@type":"ReadAction","target":["https:\/\/blogs.churlaud.com\/coach\/a-propos\/"]}]},{"@type":"ImageObject","inLanguage":"fr-FR","@id":"https:\/\/blogs.churlaud.com\/coach\/a-propos\/#primaryimage","url":"https:\/\/blogs.churlaud.com\/coach\/wp-content\/uploads\/sites\/9\/2023\/04\/Alain-Churlaud-Final-17517.jpg","contentUrl":"https:\/\/blogs.churlaud.com\/coach\/wp-content\/uploads\/sites\/9\/2023\/04\/Alain-Churlaud-Final-17517.jpg","width":2000,"height":1896},{"@type":"BreadcrumbList","@id":"https:\/\/blogs.churlaud.com\/coach\/a-propos\/#breadcrumb","itemListElement":[{"@type":"ListItem","position":1,"name":"Accueil","item":"https:\/\/blogs.churlaud.com\/coach\/"},{"@type":"ListItem","position":2,"name":"Me contacter et prendre rendez-vous"}]},{"@type":"WebSite","@id":"https:\/\/blogs.churlaud.com\/coach\/#website","url":"https:\/\/blogs.churlaud.com\/coach\/","name":"Alain Coaching pour les dirigeants et professionnels","description":"Je vous accompagne parce que vous \u00eates unique !","potentialAction":[{"@type":"SearchAction","target":{"@type":"EntryPoint","urlTemplate":"https:\/\/blogs.churlaud.com\/coach\/?s={search_term_string}"},"query-input":{"@type":"PropertyValueSpecification","valueRequired":true,"valueName":"search_term_string"}}],"inLanguage":"fr-FR"}]}},"_links":{"self":[{"href":"https:\/\/blogs.churlaud.com\/coach\/wp-json\/wp\/v2\/pages\/54","targetHints":{"allow":["GET"]}}],"collection":[{"href":"https:\/\/blogs.churlaud.com\/coach\/wp-json\/wp\/v2\/pages"}],"about":[{"href":"https:\/\/blogs.churlaud.com\/coach\/wp-json\/wp\/v2\/types\/page"}],"author":[{"embeddable":true,"href":"https:\/\/blogs.churlaud.com\/coach\/wp-json\/wp\/v2\/users\/6"}],"replies":[{"embeddable":true,"href":"https:\/\/blogs.churlaud.com\/coach\/wp-json\/wp\/v2\/comments?post=54"}],"version-history":[{"count":17,"href":"https:\/\/blogs.churlaud.com\/coach\/wp-json\/wp\/v2\/pages\/54\/revisions"}],"predecessor-version":[{"id":389,"href":"https:\/\/blogs.churlaud.com\/coach\/wp-json\/wp\/v2\/pages\/54\/revisions\/389"}],"wp:attachment":[{"href":"https:\/\/blogs.churlaud.com\/coach\/wp-json\/wp\/v2\/media?parent=54"}],"curies":[{"name":"wp","href":"https:\/\/api.w.org\/{rel}","templated":true}]}}