{"id":154,"date":"2023-06-11T17:31:43","date_gmt":"2023-06-11T15:31:43","guid":{"rendered":"https:\/\/blogs.churlaud.com\/coach\/?page_id=154"},"modified":"2026-01-29T23:19:36","modified_gmt":"2026-01-29T22:19:36","slug":"protection-des-donnees-personnelles","status":"publish","type":"page","link":"https:\/\/blogs.churlaud.com\/coach\/protection-des-donnees-personnelles\/","title":{"rendered":"Protection des donn\u00e9es personnelles"},"content":{"rendered":"\n<figure class=\"wp-block-image size-large\"><img loading=\"lazy\" decoding=\"async\" width=\"1024\" height=\"909\" src=\"https:\/\/blogs.churlaud.com\/coach\/wp-content\/uploads\/sites\/9\/2023\/04\/Alain-Churlaud-Final-17532-1024x909.jpg\" alt=\"\" class=\"wp-image-6\" srcset=\"https:\/\/blogs.churlaud.com\/coach\/wp-content\/uploads\/sites\/9\/2023\/04\/Alain-Churlaud-Final-17532-1024x909.jpg 1024w, https:\/\/blogs.churlaud.com\/coach\/wp-content\/uploads\/sites\/9\/2023\/04\/Alain-Churlaud-Final-17532-300x266.jpg 300w, https:\/\/blogs.churlaud.com\/coach\/wp-content\/uploads\/sites\/9\/2023\/04\/Alain-Churlaud-Final-17532-768x682.jpg 768w, https:\/\/blogs.churlaud.com\/coach\/wp-content\/uploads\/sites\/9\/2023\/04\/Alain-Churlaud-Final-17532-1536x1364.jpg 1536w, https:\/\/blogs.churlaud.com\/coach\/wp-content\/uploads\/sites\/9\/2023\/04\/Alain-Churlaud-Final-17532.jpg 2000w\" sizes=\"auto, (max-width: 1024px) 100vw, 1024px\" \/><\/figure>\n\n\n\n<p class=\"has-luminous-vivid-orange-color has-text-color\"><strong>Pourquoi utiliser vos donn\u00e9es personnelles et sur quels fondements ?<\/strong><\/p>\n\n\n\n<figure style=\"margin-top:0px;margin-right:0px;margin-bottom:0px;margin-left:0px\" class=\"wp-block-table has-small-font-size\"><table class=\"has-luminous-vivid-orange-color has-text-color has-border-color has-base-border-color has-fixed-layout\"><tbody><tr><td><strong>Finalit\u00e9s<\/strong><\/td><td><strong>Base l\u00e9gale<\/strong><\/td><\/tr><\/tbody><\/table><\/figure>\n\n\n\n<figure class=\"wp-block-table has-small-font-size\"><table class=\"has-border-color has-base-border-color has-fixed-layout\"><tbody><tr><td>Le suivi de vos s\u00e9ances de coaching<\/td><td class=\"has-text-align-left\" data-align=\"left\">Ex\u00e9cution du contrat qui nous lie<\/td><\/tr><tr><td>La r\u00e9ponse \u00e0 vos \u00e9ventuelles questions et demandes adress\u00e9es par mail, par sms ou messagerie vocale<\/td><td class=\"has-text-align-left\" data-align=\"left\">R\u00e9pondre aux messages qui sont adress\u00e9s<\/td><\/tr><tr><td>La gestion de la relation commerciale et contractuelle qui nous lie<\/td><td class=\"has-text-align-left\" data-align=\"left\">Ex\u00e9cution du contrat qui nous lie<\/td><\/tr><tr><td>Le respect des obligations fiscales et comptables<\/td><td class=\"has-text-align-left\" data-align=\"left\">Le respect des obligations l\u00e9gales <\/td><\/tr><tr><td>L\u2019envoi d\u2019une lettre d\u2019information et d\u2019invitations \u00e0 des \u00e9v\u00e8nements<\/td><td class=\"has-text-align-left\" data-align=\"left\">Un int\u00e9r\u00eat l\u00e9gitime de vous tenir au courant de l&rsquo;activit\u00e9<\/td><\/tr><tr><td>La gestion de vos \u00e9ventuelles demandes d\u2019exercice de droits<\/td><td class=\"has-text-align-left\" data-align=\"left\">Le respect de l\u2019obligation l\u00e9gale de garantir vos droits conform\u00e9ment au Chapitre III du RGPD<\/td><\/tr><tr><td>D\u00e9fense de nos droits en justice<\/td><td class=\"has-text-align-left\" data-align=\"left\">L&rsquo;int\u00e9r\u00eat l\u00e9gitime de d\u00e9fendre nos droits devant la justice<\/td><\/tr><tr><td>Nos activit\u00e9s de prospection commerciale aupr\u00e8s de nos clients et prospects<\/td><td class=\"has-text-align-left\" data-align=\"left\">L&rsquo;int\u00e9r\u00eat l\u00e9gitime de d\u00e9velopper nos activit\u00e9s<\/td><\/tr><\/tbody><\/table><\/figure>\n\n\n\n<p class=\"has-luminous-vivid-orange-color has-text-color\"><strong>Quelles sont les Donn\u00e9es personnelles que je traite ?<\/strong><\/p>\n\n\n\n<p>Les Donn\u00e9es \u00e0 caract\u00e8re personnel collect\u00e9es sont les suivantes : <\/p>\n\n\n\n<ul class=\"wp-block-list has-small-font-size\">\n<li>Votre nom et pr\u00e9nom ;<\/li>\n\n\n\n<li>Vos num\u00e9ros de t\u00e9l\u00e9phone&nbsp;;<\/li>\n\n\n\n<li>Vos adresses de messagerie \u00e9lectronique&nbsp;;<\/li>\n<\/ul>\n\n\n\n<p>Au cours des sessions de coaching, pour des raisons de suivi de la mission des notes num\u00e9riques ou manuscrites sont r\u00e9alis\u00e9es. <br>Les sessions de coaching ne sont pas enregistr\u00e9es, qu\u2019elles soient r\u00e9alis\u00e9es par visioconf\u00e9rence ou par t\u00e9l\u00e9phone.<\/p>\n\n\n\n<p class=\"has-luminous-vivid-orange-color has-text-color\"><strong>Combien de temps sont conserv\u00e9es vos Donn\u00e9es personnelles ?<\/strong><\/p>\n\n\n\n<figure style=\"margin-top:0px;margin-right:0px;margin-bottom:0px;margin-left:0px\" class=\"wp-block-table has-small-font-size\"><table class=\"has-luminous-vivid-orange-color has-text-color has-border-color has-base-border-color has-fixed-layout\"><tbody><tr><td><strong><strong>Donn\u00e9es n\u00e9cessaires \u00e0&nbsp;:<\/strong><\/strong><\/td><td><strong><strong>Dur\u00e9e de conservation&nbsp;:<\/strong><\/strong><\/td><\/tr><\/tbody><\/table><\/figure>\n\n\n\n<figure class=\"wp-block-table has-small-font-size\"><table class=\"has-border-color has-base-border-color has-fixed-layout\"><tbody><tr><td>Le suivi de vos s\u00e9ances de coaching<\/td><td class=\"has-text-align-left\" data-align=\"left\">Un (1) an \u00e0 compter de la collecte<br>Les \u00e9ventuelles notes num\u00e9riques ou manuscrites sont d\u00e9truites au terme de la mission de coaching<\/td><\/tr><tr><td>La r\u00e9ponse \u00e0 vos \u00e9ventuelles questions et demandes adress\u00e9es par mail, par sms ou messagerie vocale<\/td><td class=\"has-text-align-left\" data-align=\"left\">Un (1) an \u00e0 compter de la collecte<\/td><\/tr><tr><td>La gestion de la relation commerciale et contractuelle qui nous lie<\/td><td class=\"has-text-align-left\" data-align=\"left\">Cinq (5) ans \u00e0 compter de la fin de la relation contractuelle<\/td><\/tr><tr><td>Le respect des obligations fiscales et comptables<\/td><td class=\"has-text-align-left\" data-align=\"left\">Dix (10) ans \u00e0 compter de la cl\u00f4ture de l\u2019exercice comptable<\/td><\/tr><tr><td>L\u2019envoi d\u2019une lettre d\u2019information et d\u2019invitations \u00e0 des \u00e9v\u00e8nements<\/td><td class=\"has-text-align-left\" data-align=\"left\">Jusqu\u2019au d\u00e9sabonnement de la liste de diffusion<\/td><\/tr><tr><td>La gestion de vos \u00e9ventuelles demandes d\u2019exercice de droits<\/td><td class=\"has-text-align-left\" data-align=\"left\">Un (1) an \u00e0 compter de la r\u00e9ponse \u00e0 votre demande<\/td><\/tr><tr><td>D\u00e9fense de nos droits en justice<\/td><td class=\"has-text-align-left\" data-align=\"left\">D\u00e9lai de prescription\/forclusion applicable<\/td><\/tr><tr><td>Nos activit\u00e9s de prospection commerciale aupr\u00e8s de nos clients et prospects<\/td><td class=\"has-text-align-left\" data-align=\"left\">Trois (3) ans \u00e0 compter du dernier contact&nbsp;avec vous<\/td><\/tr><\/tbody><\/table><\/figure>\n\n\n\n<p class=\"has-luminous-vivid-orange-color has-text-color\"><strong>Qui a acc\u00e8s \u00e0 vos Donn\u00e9es personnelles ?<\/strong><\/p>\n\n\n\n<p>L\u2019acc\u00e8s \u00e0 vos Donn\u00e9es personnelles est strictement limit\u00e9 \u00e0 Alain Churlaud<br>Vos Donn\u00e9es personnelles sont h\u00e9berg\u00e9es sur l&rsquo;ordinateur personnel d&rsquo;Alain CHURLAUD<br>Je ne commercialise pas et ne transf\u00e8re pas vos Donn\u00e9es Personnelles \u00e0 un tiers.<\/p>\n\n\n\n<p class=\"has-luminous-vivid-orange-color has-text-color\"><strong>Comment vos Donn\u00e9es personnelles sont-elles prot\u00e9g\u00e9es ?<\/strong><\/p>\n\n\n\n<p>Des mesures techniques, logiques et organisationnelles appropri\u00e9es et conformes \u00e0 l\u2019\u00e9tat de l\u2019art pour prot\u00e9ger vos Donn\u00e9es Personnelles afin de limiter tout risque d\u2019acc\u00e8s, de modification, de divulgation ou de destruction non autoris\u00e9s des Donn\u00e9es personnelles sous&nbsp;ma responsabilit\u00e9.<br>Dans le cas o\u00f9 l\u2019int\u00e9grit\u00e9, la confidentialit\u00e9 ou la s\u00e9curit\u00e9 de vos Donn\u00e9es personnelles \u00e9tait compromise, Je m&rsquo;engage \u00e0 vous informer par tout moyen.<\/p>\n\n\n\n<p class=\"has-luminous-vivid-orange-color has-text-color\"><strong>Quels sont vos droits et comment les exercer ?<\/strong><\/p>\n\n\n\n<p>Vous pouvez \u00e0 tout moment, dans les conditions pr\u00e9vues par la R\u00e8glementation applicable, exercer les droits suivants :<\/p>\n\n\n\n<ul class=\"wp-block-list has-small-font-size\">\n<li><strong>Droit d\u2019acc\u00e8s<\/strong>&nbsp;: vous pouvez demander d\u2019acc\u00e9der aux Donn\u00e9es personnelles que je d\u00e9tiens sur vous. Dans le cas o\u00f9 je ne pourrais pas donner suite \u00e0 votre demande (par exemple, si vos informations ont \u00e9t\u00e9 d\u00e9truites, supprim\u00e9es ou anonymis\u00e9es), je vous informerai des raisons qui justifient ce refus.<\/li>\n\n\n\n<li><strong>Droit de rectification&nbsp;<\/strong>: Je mets en place les mesures n\u00e9cessaires pour assurer que vos Donn\u00e9es personnelles sont exactes, \u00e0 jour et compl\u00e8tes. Si vous pensez qu\u2019une Donn\u00e9e personnelle vous concernant et d\u00e9tenue est d\u00e9pass\u00e9e ou incompl\u00e8te, vous avez la possibilit\u00e9 de demander sa r\u00e9vision ou sa correction.<\/li>\n\n\n\n<li><strong>Droit \u00e0 l\u2019effacement&nbsp;<\/strong>: vous pouvez demander la suppression de vos Donn\u00e9es personnelles que je n\u2019ai plus de raison l\u00e9gitime de conserver.<\/li>\n\n\n\n<li><strong>Droit d\u2019opposition au Traitement<\/strong>&nbsp;: vous avez le droit de vous opposer \u00e0 un Traitement de vos Donn\u00e9es personnelles se fondant sur un int\u00e9r\u00eat l\u00e9gitime , sauf \u00e0 ce que je puisse d\u00e9montrer un motif l\u00e9gitime et imp\u00e9rieux pour poursuivre le Traitement.<\/li>\n\n\n\n<li><strong>Droit de limitation du Traitement<\/strong>&nbsp;: vous avez le droit d\u2019obtenir la limitation du Traitement de vos Donn\u00e9es dans certains cas pr\u00e9vus par les l\u00e9gislations applicables en mati\u00e8re de protection des donn\u00e9es.<\/li>\n\n\n\n<li><strong>Droit \u00e0 la portabilit\u00e9<\/strong>&nbsp;: vous avez le droit de recevoir les Donn\u00e9es personnelles qui vous concernent et que vous avez communiqu\u00e9es dans un format structur\u00e9, d\u2019usage commun et lisible par une machine lorsque le Traitement est fond\u00e9 sur votre consentement ou sur l\u2019ex\u00e9cution du contrat qui nous lie.<\/li>\n\n\n\n<li><strong>Droit \u00e0 la mort num\u00e9rique<\/strong>&nbsp;: vous avez le droit de d\u00e9finir des directives relatives au sort de vos Donn\u00e9es personnelles apr\u00e8s votre d\u00e9c\u00e8s dans les conditions pr\u00e9vues par la Loi de 1978.<\/li>\n<\/ul>\n\n\n\n<p>Pour exercer vos droits o\u00f9 adresser vos questions relatives au Traitement de vos Donn\u00e9es personnelles r\u00e9alis\u00e9s, vous pouvez me contacter directement par courriel \u00e0 alain@churlaud.com. Je m&rsquo;engage \u00e0 vous r\u00e9pondre dans un d\u00e9lai maximum de 30 (trente) jours. Au besoin, ce d\u00e9lai peut \u00eatre prolong\u00e9 de deux (2) mois, compte tenu de la complexit\u00e9 et du nombre de demandes.<\/p>\n\n\n\n<p>J&rsquo;apportons une grande attention aux Donn\u00e9es personnelles qui me sont confi\u00e9es. N\u00e9anmoins, si vous estimez, apr\u00e8s m&rsquo;avoir contact\u00e9s, que vos droits ne sont pas respect\u00e9s, vous pouvez introduire une r\u00e9clamation aupr\u00e8s \u00e0 la Commission Nationale de l\u2019Informatique et des Libert\u00e9s (CNIL).<\/p>\n\n\n\n<p> <a href=\"https:\/\/blogs.churlaud.com\/coach\/a-propos\/\" data-type=\"page\" data-id=\"54\">Me contacter et prendre rendez-vous<\/a><\/p>\n","protected":false},"excerpt":{"rendered":"<p>Pourquoi utiliser vos donn\u00e9es personnelles et sur quels fondements ? Finalit\u00e9s Base l\u00e9gale Le suivi de vos s\u00e9ances de coaching Ex\u00e9cution du contrat qui nous lie La r\u00e9ponse \u00e0 vos \u00e9ventuelles questions et demandes adress\u00e9es par mail, par sms ou messagerie vocale R\u00e9pondre aux messages qui sont adress\u00e9s La gestion de la relation commerciale et [&hellip;]<\/p>\n","protected":false},"author":6,"featured_media":0,"parent":0,"menu_order":0,"comment_status":"closed","ping_status":"closed","template":"","meta":{"iawp_total_views":6,"footnotes":""},"class_list":["post-154","page","type-page","status-publish","hentry"],"yoast_head":"<!-- This site is optimized with the Yoast SEO plugin v27.2 - https:\/\/yoast.com\/product\/yoast-seo-wordpress\/ -->\n<title>Protection des donn\u00e9es personnelles - Alain Coaching pour les dirigeants et professionnels<\/title>\n<meta name=\"robots\" content=\"index, follow, max-snippet:-1, max-image-preview:large, max-video-preview:-1\" \/>\n<link rel=\"canonical\" href=\"https:\/\/blogs.churlaud.com\/coach\/protection-des-donnees-personnelles\/\" \/>\n<meta property=\"og:locale\" content=\"fr_FR\" \/>\n<meta property=\"og:type\" content=\"article\" \/>\n<meta property=\"og:title\" content=\"Protection des donn\u00e9es personnelles - Alain Coaching pour les dirigeants et professionnels\" \/>\n<meta property=\"og:description\" content=\"Pourquoi utiliser vos donn\u00e9es personnelles et sur quels fondements ? Finalit\u00e9s Base l\u00e9gale Le suivi de vos s\u00e9ances de coaching Ex\u00e9cution du contrat qui nous lie La r\u00e9ponse \u00e0 vos \u00e9ventuelles questions et demandes adress\u00e9es par mail, par sms ou messagerie vocale R\u00e9pondre aux messages qui sont adress\u00e9s La gestion de la relation commerciale et [&hellip;]\" \/>\n<meta property=\"og:url\" content=\"https:\/\/blogs.churlaud.com\/coach\/protection-des-donnees-personnelles\/\" \/>\n<meta property=\"og:site_name\" content=\"Alain Coaching pour les dirigeants et professionnels\" \/>\n<meta property=\"article:modified_time\" content=\"2026-01-29T22:19:36+00:00\" \/>\n<meta property=\"og:image\" content=\"https:\/\/blogs.churlaud.com\/coach\/wp-content\/uploads\/sites\/9\/2023\/04\/Alain-Churlaud-Final-17532.jpg\" \/>\n\t<meta property=\"og:image:width\" content=\"2000\" \/>\n\t<meta property=\"og:image:height\" content=\"1776\" \/>\n\t<meta property=\"og:image:type\" content=\"image\/jpeg\" \/>\n<meta name=\"twitter:card\" content=\"summary_large_image\" \/>\n<script type=\"application\/ld+json\" class=\"yoast-schema-graph\">{\"@context\":\"https:\/\/schema.org\",\"@graph\":[{\"@type\":\"WebPage\",\"@id\":\"https:\/\/blogs.churlaud.com\/coach\/protection-des-donnees-personnelles\/\",\"url\":\"https:\/\/blogs.churlaud.com\/coach\/protection-des-donnees-personnelles\/\",\"name\":\"Protection des donn\u00e9es personnelles - Alain Coaching pour les dirigeants et professionnels\",\"isPartOf\":{\"@id\":\"https:\/\/blogs.churlaud.com\/coach\/#website\"},\"primaryImageOfPage\":{\"@id\":\"https:\/\/blogs.churlaud.com\/coach\/protection-des-donnees-personnelles\/#primaryimage\"},\"image\":{\"@id\":\"https:\/\/blogs.churlaud.com\/coach\/protection-des-donnees-personnelles\/#primaryimage\"},\"thumbnailUrl\":\"https:\/\/blogs.churlaud.com\/coach\/wp-content\/uploads\/sites\/9\/2023\/04\/Alain-Churlaud-Final-17532-1024x909.jpg\",\"datePublished\":\"2023-06-11T15:31:43+00:00\",\"dateModified\":\"2026-01-29T22:19:36+00:00\",\"breadcrumb\":{\"@id\":\"https:\/\/blogs.churlaud.com\/coach\/protection-des-donnees-personnelles\/#breadcrumb\"},\"inLanguage\":\"fr-FR\",\"potentialAction\":[{\"@type\":\"ReadAction\",\"target\":[\"https:\/\/blogs.churlaud.com\/coach\/protection-des-donnees-personnelles\/\"]}]},{\"@type\":\"ImageObject\",\"inLanguage\":\"fr-FR\",\"@id\":\"https:\/\/blogs.churlaud.com\/coach\/protection-des-donnees-personnelles\/#primaryimage\",\"url\":\"https:\/\/blogs.churlaud.com\/coach\/wp-content\/uploads\/sites\/9\/2023\/04\/Alain-Churlaud-Final-17532.jpg\",\"contentUrl\":\"https:\/\/blogs.churlaud.com\/coach\/wp-content\/uploads\/sites\/9\/2023\/04\/Alain-Churlaud-Final-17532.jpg\",\"width\":2000,\"height\":1776},{\"@type\":\"BreadcrumbList\",\"@id\":\"https:\/\/blogs.churlaud.com\/coach\/protection-des-donnees-personnelles\/#breadcrumb\",\"itemListElement\":[{\"@type\":\"ListItem\",\"position\":1,\"name\":\"Accueil\",\"item\":\"https:\/\/blogs.churlaud.com\/coach\/\"},{\"@type\":\"ListItem\",\"position\":2,\"name\":\"Protection des donn\u00e9es personnelles\"}]},{\"@type\":\"WebSite\",\"@id\":\"https:\/\/blogs.churlaud.com\/coach\/#website\",\"url\":\"https:\/\/blogs.churlaud.com\/coach\/\",\"name\":\"Alain Coaching pour les dirigeants et professionnels\",\"description\":\"Je vous accompagne parce que vous \u00eates unique !\",\"potentialAction\":[{\"@type\":\"SearchAction\",\"target\":{\"@type\":\"EntryPoint\",\"urlTemplate\":\"https:\/\/blogs.churlaud.com\/coach\/?s={search_term_string}\"},\"query-input\":{\"@type\":\"PropertyValueSpecification\",\"valueRequired\":true,\"valueName\":\"search_term_string\"}}],\"inLanguage\":\"fr-FR\"}]}<\/script>\n<!-- \/ Yoast SEO plugin. -->","yoast_head_json":{"title":"Protection des donn\u00e9es personnelles - Alain Coaching pour les dirigeants et professionnels","robots":{"index":"index","follow":"follow","max-snippet":"max-snippet:-1","max-image-preview":"max-image-preview:large","max-video-preview":"max-video-preview:-1"},"canonical":"https:\/\/blogs.churlaud.com\/coach\/protection-des-donnees-personnelles\/","og_locale":"fr_FR","og_type":"article","og_title":"Protection des donn\u00e9es personnelles - Alain Coaching pour les dirigeants et professionnels","og_description":"Pourquoi utiliser vos donn\u00e9es personnelles et sur quels fondements ? Finalit\u00e9s Base l\u00e9gale Le suivi de vos s\u00e9ances de coaching Ex\u00e9cution du contrat qui nous lie La r\u00e9ponse \u00e0 vos \u00e9ventuelles questions et demandes adress\u00e9es par mail, par sms ou messagerie vocale R\u00e9pondre aux messages qui sont adress\u00e9s La gestion de la relation commerciale et [&hellip;]","og_url":"https:\/\/blogs.churlaud.com\/coach\/protection-des-donnees-personnelles\/","og_site_name":"Alain Coaching pour les dirigeants et professionnels","article_modified_time":"2026-01-29T22:19:36+00:00","og_image":[{"width":2000,"height":1776,"url":"https:\/\/blogs.churlaud.com\/coach\/wp-content\/uploads\/sites\/9\/2023\/04\/Alain-Churlaud-Final-17532.jpg","type":"image\/jpeg"}],"twitter_card":"summary_large_image","schema":{"@context":"https:\/\/schema.org","@graph":[{"@type":"WebPage","@id":"https:\/\/blogs.churlaud.com\/coach\/protection-des-donnees-personnelles\/","url":"https:\/\/blogs.churlaud.com\/coach\/protection-des-donnees-personnelles\/","name":"Protection des donn\u00e9es personnelles - Alain Coaching pour les dirigeants et professionnels","isPartOf":{"@id":"https:\/\/blogs.churlaud.com\/coach\/#website"},"primaryImageOfPage":{"@id":"https:\/\/blogs.churlaud.com\/coach\/protection-des-donnees-personnelles\/#primaryimage"},"image":{"@id":"https:\/\/blogs.churlaud.com\/coach\/protection-des-donnees-personnelles\/#primaryimage"},"thumbnailUrl":"https:\/\/blogs.churlaud.com\/coach\/wp-content\/uploads\/sites\/9\/2023\/04\/Alain-Churlaud-Final-17532-1024x909.jpg","datePublished":"2023-06-11T15:31:43+00:00","dateModified":"2026-01-29T22:19:36+00:00","breadcrumb":{"@id":"https:\/\/blogs.churlaud.com\/coach\/protection-des-donnees-personnelles\/#breadcrumb"},"inLanguage":"fr-FR","potentialAction":[{"@type":"ReadAction","target":["https:\/\/blogs.churlaud.com\/coach\/protection-des-donnees-personnelles\/"]}]},{"@type":"ImageObject","inLanguage":"fr-FR","@id":"https:\/\/blogs.churlaud.com\/coach\/protection-des-donnees-personnelles\/#primaryimage","url":"https:\/\/blogs.churlaud.com\/coach\/wp-content\/uploads\/sites\/9\/2023\/04\/Alain-Churlaud-Final-17532.jpg","contentUrl":"https:\/\/blogs.churlaud.com\/coach\/wp-content\/uploads\/sites\/9\/2023\/04\/Alain-Churlaud-Final-17532.jpg","width":2000,"height":1776},{"@type":"BreadcrumbList","@id":"https:\/\/blogs.churlaud.com\/coach\/protection-des-donnees-personnelles\/#breadcrumb","itemListElement":[{"@type":"ListItem","position":1,"name":"Accueil","item":"https:\/\/blogs.churlaud.com\/coach\/"},{"@type":"ListItem","position":2,"name":"Protection des donn\u00e9es personnelles"}]},{"@type":"WebSite","@id":"https:\/\/blogs.churlaud.com\/coach\/#website","url":"https:\/\/blogs.churlaud.com\/coach\/","name":"Alain Coaching pour les dirigeants et professionnels","description":"Je vous accompagne parce que vous \u00eates unique !","potentialAction":[{"@type":"SearchAction","target":{"@type":"EntryPoint","urlTemplate":"https:\/\/blogs.churlaud.com\/coach\/?s={search_term_string}"},"query-input":{"@type":"PropertyValueSpecification","valueRequired":true,"valueName":"search_term_string"}}],"inLanguage":"fr-FR"}]}},"_links":{"self":[{"href":"https:\/\/blogs.churlaud.com\/coach\/wp-json\/wp\/v2\/pages\/154","targetHints":{"allow":["GET"]}}],"collection":[{"href":"https:\/\/blogs.churlaud.com\/coach\/wp-json\/wp\/v2\/pages"}],"about":[{"href":"https:\/\/blogs.churlaud.com\/coach\/wp-json\/wp\/v2\/types\/page"}],"author":[{"embeddable":true,"href":"https:\/\/blogs.churlaud.com\/coach\/wp-json\/wp\/v2\/users\/6"}],"replies":[{"embeddable":true,"href":"https:\/\/blogs.churlaud.com\/coach\/wp-json\/wp\/v2\/comments?post=154"}],"version-history":[{"count":11,"href":"https:\/\/blogs.churlaud.com\/coach\/wp-json\/wp\/v2\/pages\/154\/revisions"}],"predecessor-version":[{"id":361,"href":"https:\/\/blogs.churlaud.com\/coach\/wp-json\/wp\/v2\/pages\/154\/revisions\/361"}],"wp:attachment":[{"href":"https:\/\/blogs.churlaud.com\/coach\/wp-json\/wp\/v2\/media?parent=154"}],"curies":[{"name":"wp","href":"https:\/\/api.w.org\/{rel}","templated":true}]}}